{"id":197,"date":"2021-05-16T22:12:19","date_gmt":"2021-05-16T21:12:19","guid":{"rendered":"https:\/\/leathersocialberlin.com\/?page_id=197"},"modified":"2021-07-07T15:35:43","modified_gmt":"2021-07-07T14:35:43","slug":"about","status":"publish","type":"page","link":"https:\/\/leathersocialberlin.com\/?page_id=197","title":{"rendered":"About"},"content":{"rendered":"\n<hr class=\"wp-block-separator\"\/>\n\n\n\n<div class=\"wp-block-columns is-layout-flex wp-container-core-columns-is-layout-9d6595d7 wp-block-columns-is-layout-flex\">\n<div class=\"wp-block-column is-layout-flow wp-block-column-is-layout-flow\" style=\"flex-basis:100%\">\n<div class=\"wp-block-media-text alignwide has-media-on-the-right is-stacked-on-mobile is-vertically-aligned-center\" style=\"grid-template-columns:auto 28%\"><figure class=\"wp-block-media-text__media\"><img data-recalc-dims=\"1\" loading=\"lazy\" decoding=\"async\" width=\"605\" height=\"605\" src=\"https:\/\/i0.wp.com\/leathersocialberlin.com\/wp-content\/uploads\/2021\/05\/2021-05_logo_web.png?resize=605%2C605&#038;ssl=1\" alt=\"\" class=\"wp-image-173 size-full\" srcset=\"https:\/\/i0.wp.com\/leathersocialberlin.com\/wp-content\/uploads\/2021\/05\/2021-05_logo_web.png?resize=1024%2C1024&amp;ssl=1 1024w, https:\/\/i0.wp.com\/leathersocialberlin.com\/wp-content\/uploads\/2021\/05\/2021-05_logo_web.png?resize=300%2C300&amp;ssl=1 300w, https:\/\/i0.wp.com\/leathersocialberlin.com\/wp-content\/uploads\/2021\/05\/2021-05_logo_web.png?resize=150%2C150&amp;ssl=1 150w, https:\/\/i0.wp.com\/leathersocialberlin.com\/wp-content\/uploads\/2021\/05\/2021-05_logo_web.png?resize=768%2C768&amp;ssl=1 768w, https:\/\/i0.wp.com\/leathersocialberlin.com\/wp-content\/uploads\/2021\/05\/2021-05_logo_web.png?resize=100%2C100&amp;ssl=1 100w, https:\/\/i0.wp.com\/leathersocialberlin.com\/wp-content\/uploads\/2021\/05\/2021-05_logo_web.png?resize=200%2C200&amp;ssl=1 200w, https:\/\/i0.wp.com\/leathersocialberlin.com\/wp-content\/uploads\/2021\/05\/2021-05_logo_web.png?resize=450%2C450&amp;ssl=1 450w, https:\/\/i0.wp.com\/leathersocialberlin.com\/wp-content\/uploads\/2021\/05\/2021-05_logo_web.png?resize=600%2C600&amp;ssl=1 600w, https:\/\/i0.wp.com\/leathersocialberlin.com\/wp-content\/uploads\/2021\/05\/2021-05_logo_web.png?resize=900%2C900&amp;ssl=1 900w, https:\/\/i0.wp.com\/leathersocialberlin.com\/wp-content\/uploads\/2021\/05\/2021-05_logo_web.png?w=1080&amp;ssl=1 1080w\" sizes=\"auto, (max-width: 605px) 100vw, 605px\" \/><\/figure><div class=\"wp-block-media-text__content\">\n<h3 class=\"has-text-align-right wp-block-heading\"><span style=\"color:#ffffff\" class=\"tadv-color\">LeatherSocialBerlin<\/span><\/h3>\n\n\n\n<p class=\"has-text-align-justify\"><span style=\"color:#ffffff\" class=\"tadv-color\"><strong>LeatherSocialBerlin<\/strong> ist ein monatliches Treffen f\u00fcr Kerle in Leder-\/Fetischklamotten. <strong>LeatherSocialBerlin<\/strong> sind privat organisierte Veranstaltungen. Die Veranstaltungen sind kostenlos und ohne Mitgliedschaft zu besuchen<\/span><\/p>\n\n\n\n<p class=\"has-text-align-justify\"><span style=\"color:#000066\" class=\"tadv-color\"><strong>LeatherSocialBerlin<\/strong> is a monthly meet up for guys into Leather-\/Fetish gear. <strong>LeatherSocialBerlin<\/strong> are privately organised events. The events are free to attend and no membership required<\/span><\/p>\n<\/div><\/div>\n<\/div>\n<\/div>\n\n\n\n<hr class=\"wp-block-separator alignfull is-style-wide\"\/>\n\n\n\n<div class=\"wp-block-columns is-layout-flex wp-container-core-columns-is-layout-9d6595d7 wp-block-columns-is-layout-flex\">\n<div class=\"wp-block-column is-layout-flow wp-block-column-is-layout-flow\" style=\"flex-basis:100%\">\n<div class=\"wp-block-media-text alignwide is-stacked-on-mobile is-vertically-aligned-center\" style=\"grid-template-columns:24% auto\"><figure class=\"wp-block-media-text__media\"><img data-recalc-dims=\"1\" loading=\"lazy\" decoding=\"async\" width=\"605\" height=\"605\" src=\"https:\/\/i0.wp.com\/leathersocialberlin.com\/wp-content\/uploads\/2021\/05\/IMG_7037_LSB.jpg?resize=605%2C605&#038;ssl=1\" alt=\"\" class=\"wp-image-230 size-full\" srcset=\"https:\/\/i0.wp.com\/leathersocialberlin.com\/wp-content\/uploads\/2021\/05\/IMG_7037_LSB.jpg?w=768&amp;ssl=1 768w, https:\/\/i0.wp.com\/leathersocialberlin.com\/wp-content\/uploads\/2021\/05\/IMG_7037_LSB.jpg?resize=300%2C300&amp;ssl=1 300w, https:\/\/i0.wp.com\/leathersocialberlin.com\/wp-content\/uploads\/2021\/05\/IMG_7037_LSB.jpg?resize=150%2C150&amp;ssl=1 150w, https:\/\/i0.wp.com\/leathersocialberlin.com\/wp-content\/uploads\/2021\/05\/IMG_7037_LSB.jpg?resize=100%2C100&amp;ssl=1 100w, https:\/\/i0.wp.com\/leathersocialberlin.com\/wp-content\/uploads\/2021\/05\/IMG_7037_LSB.jpg?resize=200%2C200&amp;ssl=1 200w, https:\/\/i0.wp.com\/leathersocialberlin.com\/wp-content\/uploads\/2021\/05\/IMG_7037_LSB.jpg?resize=450%2C450&amp;ssl=1 450w, https:\/\/i0.wp.com\/leathersocialberlin.com\/wp-content\/uploads\/2021\/05\/IMG_7037_LSB.jpg?resize=600%2C600&amp;ssl=1 600w\" sizes=\"auto, (max-width: 605px) 100vw, 605px\" \/><\/figure><div class=\"wp-block-media-text__content\">\n<h4 class=\"alignwide has-text-align-left wp-block-heading\"><span style=\"color:#ffffff\" class=\"tadv-color\">Wann <\/span>* <span style=\"color:#000066\" class=\"tadv-color\">When<\/span><\/h4>\n\n\n\n<p class=\"has-text-align-justify\"><span style=\"color:#ffffff\" class=\"tadv-color\">Die Veranstaltungen finden jeweils <strong>am dritten Sonntag im Monat von 17 bis 23 Uhr<\/strong> statt. <\/span><\/p>\n\n\n\n<p class=\"has-text-align-justify\"><span style=\"color:#000066\" class=\"tadv-color\">The events take place on the third Sunday of each month from 5 to 11 pm. <\/span><\/p>\n<\/div><\/div>\n<\/div>\n<\/div>\n\n\n\n<hr class=\"wp-block-separator alignfull is-style-wide\"\/>\n\n\n\n<div class=\"wp-block-columns is-layout-flex wp-container-core-columns-is-layout-9d6595d7 wp-block-columns-is-layout-flex\">\n<div class=\"wp-block-column is-layout-flow wp-block-column-is-layout-flow\" style=\"flex-basis:100%\">\n<div class=\"wp-block-media-text alignwide has-media-on-the-right is-stacked-on-mobile is-vertically-aligned-center\" style=\"grid-template-columns:auto 27%\"><figure class=\"wp-block-media-text__media\"><img data-recalc-dims=\"1\" loading=\"lazy\" decoding=\"async\" width=\"480\" height=\"640\" src=\"https:\/\/i0.wp.com\/leathersocialberlin.com\/wp-content\/uploads\/2021\/05\/IMG_7290_LSB_02.jpg?resize=480%2C640&#038;ssl=1\" alt=\"\" class=\"wp-image-231 size-full\" srcset=\"https:\/\/i0.wp.com\/leathersocialberlin.com\/wp-content\/uploads\/2021\/05\/IMG_7290_LSB_02.jpg?w=480&amp;ssl=1 480w, https:\/\/i0.wp.com\/leathersocialberlin.com\/wp-content\/uploads\/2021\/05\/IMG_7290_LSB_02.jpg?resize=225%2C300&amp;ssl=1 225w, https:\/\/i0.wp.com\/leathersocialberlin.com\/wp-content\/uploads\/2021\/05\/IMG_7290_LSB_02.jpg?resize=100%2C133&amp;ssl=1 100w, https:\/\/i0.wp.com\/leathersocialberlin.com\/wp-content\/uploads\/2021\/05\/IMG_7290_LSB_02.jpg?resize=150%2C200&amp;ssl=1 150w, https:\/\/i0.wp.com\/leathersocialberlin.com\/wp-content\/uploads\/2021\/05\/IMG_7290_LSB_02.jpg?resize=200%2C267&amp;ssl=1 200w, https:\/\/i0.wp.com\/leathersocialberlin.com\/wp-content\/uploads\/2021\/05\/IMG_7290_LSB_02.jpg?resize=300%2C400&amp;ssl=1 300w, https:\/\/i0.wp.com\/leathersocialberlin.com\/wp-content\/uploads\/2021\/05\/IMG_7290_LSB_02.jpg?resize=450%2C600&amp;ssl=1 450w\" sizes=\"auto, (max-width: 480px) 100vw, 480px\" \/><\/figure><div class=\"wp-block-media-text__content\">\n<h4 class=\"alignwide has-text-align-right wp-block-heading\"><span style=\"color:#ffffff\" class=\"tadv-color\">Wo <\/span>*  <span style=\"color:#000066\" class=\"tadv-color\">Where<\/span><\/h4>\n\n\n\n<p class=\"has-text-align-justify\"><span style=\"color:#ffffff\" class=\"tadv-color\">Veranstaltungsorte sind meist private R\u00e4umlichkeiten. Ausnahmen sind im Rahmen der gro\u00dfen Events Easter Berlin und zu Folsom Europe. Der beste Weg, um \u00fcber den Ort der n\u00e4chsten Veranstaltung auf dem Laufenden zu bleiben, ist, sich in unsere Mailingliste einzutragen. Den Veranstaltungsort geben wir rechtzeitig auch \u00fcber unsere anderen SocialMedia K\u00e4n\u00e4le bekannt. <\/span><\/p>\n\n\n\n<p class=\"has-text-align-justify\"><span style=\"color:#000066\" class=\"tadv-color\">Venues are mostly private premises. Exceptions are the big events Easter Berlin and Folsom Europe. The best way to keep updated about the location of the next event is to join our mailing list. The venue will be announced in time also through our other social media channels.<\/span><\/p>\n<\/div><\/div>\n<\/div>\n<\/div>\n\n\n\n<hr class=\"wp-block-separator alignfull is-style-wide\"\/>\n\n\n\n<div class=\"wp-block-columns is-layout-flex wp-container-core-columns-is-layout-9d6595d7 wp-block-columns-is-layout-flex\">\n<div class=\"wp-block-column is-layout-flow wp-block-column-is-layout-flow\" style=\"flex-basis:100%\">\n<div class=\"wp-block-media-text alignwide is-stacked-on-mobile is-vertically-aligned-center\" style=\"grid-template-columns:27% auto\"><figure class=\"wp-block-media-text__media\"><img data-recalc-dims=\"1\" loading=\"lazy\" decoding=\"async\" width=\"576\" height=\"768\" src=\"https:\/\/i0.wp.com\/leathersocialberlin.com\/wp-content\/uploads\/2021\/06\/IMG_6467_LSB.jpg?resize=576%2C768&#038;ssl=1\" alt=\"\" class=\"wp-image-305 size-full\" srcset=\"https:\/\/i0.wp.com\/leathersocialberlin.com\/wp-content\/uploads\/2021\/06\/IMG_6467_LSB.jpg?w=576&amp;ssl=1 576w, https:\/\/i0.wp.com\/leathersocialberlin.com\/wp-content\/uploads\/2021\/06\/IMG_6467_LSB.jpg?resize=225%2C300&amp;ssl=1 225w, https:\/\/i0.wp.com\/leathersocialberlin.com\/wp-content\/uploads\/2021\/06\/IMG_6467_LSB.jpg?resize=100%2C133&amp;ssl=1 100w, https:\/\/i0.wp.com\/leathersocialberlin.com\/wp-content\/uploads\/2021\/06\/IMG_6467_LSB.jpg?resize=150%2C200&amp;ssl=1 150w, https:\/\/i0.wp.com\/leathersocialberlin.com\/wp-content\/uploads\/2021\/06\/IMG_6467_LSB.jpg?resize=200%2C267&amp;ssl=1 200w, https:\/\/i0.wp.com\/leathersocialberlin.com\/wp-content\/uploads\/2021\/06\/IMG_6467_LSB.jpg?resize=300%2C400&amp;ssl=1 300w, https:\/\/i0.wp.com\/leathersocialberlin.com\/wp-content\/uploads\/2021\/06\/IMG_6467_LSB.jpg?resize=450%2C600&amp;ssl=1 450w\" sizes=\"auto, (max-width: 576px) 100vw, 576px\" \/><\/figure><div class=\"wp-block-media-text__content\">\n<h4 class=\"alignwide has-text-align-left wp-block-heading\"><span style=\"color:#ffffff\" class=\"tadv-color\">Dresscode<\/span><\/h4>\n\n\n\n<p class=\"has-text-align-justify\"><span style=\"color:#ffffff\" class=\"tadv-color\">Das <strong>LeatherSocialBerlin <\/strong>ist offen f\u00fcr alle. W\u00e4hrend viele unserer Teilnehmer in Fetisch-Kleidung, vor allem Leder, kommen, haben wir eine Politik der offenen T\u00fcr und freuen uns auf jeden &#8211; ob hardcore Fetischist oder Newcomer. Kommt zu uns und \u00fcberzeugt euch selbst von der entspannten und speziellen Atmosph\u00e4re &#8230;<\/span><\/p>\n\n\n\n<p class=\"has-text-align-justify\"><span style=\"color:#000066\" class=\"tadv-color\">The LeatherSocialBerlin is open to everyone. While many of our attendees come in fetish outfit, especially leather, we have an open door policy and look forward to welcoming everyone &#8211; whether hardcore fetishist or newcomer. Come join us and feel the relaxed and special atmosphere for yourself \u2026<\/span><\/p>\n<\/div><\/div>\n<\/div>\n<\/div>\n\n\n\n<p><\/p>\n","protected":false},"excerpt":{"rendered":"<p>LeatherSocialBerlin LeatherSocialBerlin ist ein monatliches Treffen f\u00fcr Kerle in Leder-\/Fetischklamotten. LeatherSocialBerlin sind privat organisierte Veranstaltungen. Die Veranstaltungen sind kostenlos und ohne Mitgliedschaft zu besuchen LeatherSocialBerlin is a monthly meet up for guys into Leather-\/Fetish gear. LeatherSocialBerlin are privately organised events. &hellip;<\/p>\n<p class=\"read-more\"> <a class=\"more-link\" href=\"https:\/\/leathersocialberlin.com\/?page_id=197\"> <span class=\"screen-reader-text\">About<\/span> Weiterlesen &raquo;<\/a><\/p>\n","protected":false},"author":1,"featured_media":0,"parent":0,"menu_order":0,"comment_status":"closed","ping_status":"closed","template":"","meta":{"ngg_post_thumbnail":0,"footnotes":""},"class_list":["post-197","page","type-page","status-publish","hentry"],"yoast_head":"<!-- This site is optimized with the Yoast SEO plugin v27.5 - https:\/\/yoast.com\/product\/yoast-seo-wordpress\/ -->\n<title>About | LeatherSocialBerlin<\/title>\n<meta name=\"description\" content=\"leathersocialberlin LeatherSocialBerlin leathersocialberlin | leathermen | berlin gayleathermen | gaymen | blackleather | berlin the place to be | leatherfetish | leatherman | leatherboots | muircap | leatherfetish | guys into leather | monthly | social | leathersocial | gayberlin\" \/>\n<meta name=\"robots\" content=\"index, follow, max-snippet:-1, max-image-preview:large, max-video-preview:-1\" \/>\n<link rel=\"canonical\" href=\"https:\/\/leathersocialberlin.com\/?page_id=197\" \/>\n<meta property=\"og:locale\" content=\"de_DE\" \/>\n<meta property=\"og:type\" content=\"article\" \/>\n<meta property=\"og:title\" content=\"About | LeatherSocialBerlin\" \/>\n<meta property=\"og:description\" content=\"leathersocialberlin LeatherSocialBerlin leathersocialberlin | leathermen | berlin gayleathermen | gaymen | blackleather | berlin the place to be | leatherfetish | leatherman | leatherboots | muircap | leatherfetish | guys into leather | monthly | social | leathersocial | gayberlin\" \/>\n<meta property=\"og:url\" content=\"https:\/\/leathersocialberlin.com\/?page_id=197\" \/>\n<meta property=\"og:site_name\" content=\"LeatherSocialBerlin\" \/>\n<meta property=\"article:modified_time\" content=\"2021-07-07T14:35:43+00:00\" \/>\n<meta property=\"og:image\" content=\"https:\/\/leathersocialberlin.com\/wp-content\/uploads\/2021\/05\/2021-05_logo_web-1024x1024.png\" \/>\n<meta name=\"twitter:card\" content=\"summary_large_image\" \/>\n<meta name=\"twitter:label1\" content=\"Gesch\u00e4tzte Lesezeit\" \/>\n\t<meta name=\"twitter:data1\" content=\"3\u00a0Minuten\" \/>\n<script type=\"application\/ld+json\" class=\"yoast-schema-graph\">{\"@context\":\"https:\\\/\\\/schema.org\",\"@graph\":[{\"@type\":\"WebPage\",\"@id\":\"https:\\\/\\\/leathersocialberlin.com\\\/?page_id=197\",\"url\":\"https:\\\/\\\/leathersocialberlin.com\\\/?page_id=197\",\"name\":\"About | LeatherSocialBerlin\",\"isPartOf\":{\"@id\":\"https:\\\/\\\/leathersocialberlin.com\\\/#website\"},\"primaryImageOfPage\":{\"@id\":\"https:\\\/\\\/leathersocialberlin.com\\\/?page_id=197#primaryimage\"},\"image\":{\"@id\":\"https:\\\/\\\/leathersocialberlin.com\\\/?page_id=197#primaryimage\"},\"thumbnailUrl\":\"https:\\\/\\\/leathersocialberlin.com\\\/wp-content\\\/uploads\\\/2021\\\/05\\\/2021-05_logo_web-1024x1024.png\",\"datePublished\":\"2021-05-16T21:12:19+00:00\",\"dateModified\":\"2021-07-07T14:35:43+00:00\",\"description\":\"leathersocialberlin LeatherSocialBerlin leathersocialberlin | leathermen | berlin gayleathermen | gaymen | blackleather | berlin the place to be | leatherfetish | leatherman | leatherboots | muircap | leatherfetish | guys into leather | monthly | social | leathersocial | gayberlin\",\"breadcrumb\":{\"@id\":\"https:\\\/\\\/leathersocialberlin.com\\\/?page_id=197#breadcrumb\"},\"inLanguage\":\"de\",\"potentialAction\":[{\"@type\":\"ReadAction\",\"target\":[\"https:\\\/\\\/leathersocialberlin.com\\\/?page_id=197\"]}]},{\"@type\":\"ImageObject\",\"inLanguage\":\"de\",\"@id\":\"https:\\\/\\\/leathersocialberlin.com\\\/?page_id=197#primaryimage\",\"url\":\"https:\\\/\\\/i0.wp.com\\\/leathersocialberlin.com\\\/wp-content\\\/uploads\\\/2021\\\/05\\\/2021-05_logo_web.png?fit=1080%2C1080&ssl=1\",\"contentUrl\":\"https:\\\/\\\/i0.wp.com\\\/leathersocialberlin.com\\\/wp-content\\\/uploads\\\/2021\\\/05\\\/2021-05_logo_web.png?fit=1080%2C1080&ssl=1\",\"width\":1080,\"height\":1080},{\"@type\":\"BreadcrumbList\",\"@id\":\"https:\\\/\\\/leathersocialberlin.com\\\/?page_id=197#breadcrumb\",\"itemListElement\":[{\"@type\":\"ListItem\",\"position\":1,\"name\":\"Startseite\",\"item\":\"https:\\\/\\\/leathersocialberlin.com\\\/\"},{\"@type\":\"ListItem\",\"position\":2,\"name\":\"About\"}]},{\"@type\":\"WebSite\",\"@id\":\"https:\\\/\\\/leathersocialberlin.com\\\/#website\",\"url\":\"https:\\\/\\\/leathersocialberlin.com\\\/\",\"name\":\"LeatherSocialBerlin\",\"description\":\"Monthly meet up for guys into leather-\\\/fetish gear\",\"publisher\":{\"@id\":\"https:\\\/\\\/leathersocialberlin.com\\\/#organization\"},\"potentialAction\":[{\"@type\":\"SearchAction\",\"target\":{\"@type\":\"EntryPoint\",\"urlTemplate\":\"https:\\\/\\\/leathersocialberlin.com\\\/?s={search_term_string}\"},\"query-input\":{\"@type\":\"PropertyValueSpecification\",\"valueRequired\":true,\"valueName\":\"search_term_string\"}}],\"inLanguage\":\"de\"},{\"@type\":\"Organization\",\"@id\":\"https:\\\/\\\/leathersocialberlin.com\\\/#organization\",\"name\":\"LeatherSocialBerlin\",\"url\":\"https:\\\/\\\/leathersocialberlin.com\\\/\",\"logo\":{\"@type\":\"ImageObject\",\"inLanguage\":\"de\",\"@id\":\"https:\\\/\\\/leathersocialberlin.com\\\/#\\\/schema\\\/logo\\\/image\\\/\",\"url\":\"https:\\\/\\\/i2.wp.com\\\/leathersocialberlin.com\\\/wp-content\\\/uploads\\\/2021\\\/05\\\/2021-05_logo_monthly-e1621199761252.png?fit=300%2C300&ssl=1\",\"contentUrl\":\"https:\\\/\\\/i2.wp.com\\\/leathersocialberlin.com\\\/wp-content\\\/uploads\\\/2021\\\/05\\\/2021-05_logo_monthly-e1621199761252.png?fit=300%2C300&ssl=1\",\"width\":300,\"height\":300,\"caption\":\"LeatherSocialBerlin\"},\"image\":{\"@id\":\"https:\\\/\\\/leathersocialberlin.com\\\/#\\\/schema\\\/logo\\\/image\\\/\"},\"sameAs\":[\"https:\\\/\\\/www.instagram.com\\\/leather_social_berlin\"]}]}<\/script>\n<!-- \/ Yoast SEO plugin. -->","yoast_head_json":{"title":"About | LeatherSocialBerlin","description":"leathersocialberlin LeatherSocialBerlin leathersocialberlin | leathermen | berlin gayleathermen | gaymen | blackleather | berlin the place to be | leatherfetish | leatherman | leatherboots | muircap | leatherfetish | guys into leather | monthly | social | leathersocial | gayberlin","robots":{"index":"index","follow":"follow","max-snippet":"max-snippet:-1","max-image-preview":"max-image-preview:large","max-video-preview":"max-video-preview:-1"},"canonical":"https:\/\/leathersocialberlin.com\/?page_id=197","og_locale":"de_DE","og_type":"article","og_title":"About | LeatherSocialBerlin","og_description":"leathersocialberlin LeatherSocialBerlin leathersocialberlin | leathermen | berlin gayleathermen | gaymen | blackleather | berlin the place to be | leatherfetish | leatherman | leatherboots | muircap | leatherfetish | guys into leather | monthly | social | leathersocial | gayberlin","og_url":"https:\/\/leathersocialberlin.com\/?page_id=197","og_site_name":"LeatherSocialBerlin","article_modified_time":"2021-07-07T14:35:43+00:00","og_image":[{"url":"https:\/\/leathersocialberlin.com\/wp-content\/uploads\/2021\/05\/2021-05_logo_web-1024x1024.png","type":"","width":"","height":""}],"twitter_card":"summary_large_image","twitter_misc":{"Gesch\u00e4tzte Lesezeit":"3\u00a0Minuten"},"schema":{"@context":"https:\/\/schema.org","@graph":[{"@type":"WebPage","@id":"https:\/\/leathersocialberlin.com\/?page_id=197","url":"https:\/\/leathersocialberlin.com\/?page_id=197","name":"About | LeatherSocialBerlin","isPartOf":{"@id":"https:\/\/leathersocialberlin.com\/#website"},"primaryImageOfPage":{"@id":"https:\/\/leathersocialberlin.com\/?page_id=197#primaryimage"},"image":{"@id":"https:\/\/leathersocialberlin.com\/?page_id=197#primaryimage"},"thumbnailUrl":"https:\/\/leathersocialberlin.com\/wp-content\/uploads\/2021\/05\/2021-05_logo_web-1024x1024.png","datePublished":"2021-05-16T21:12:19+00:00","dateModified":"2021-07-07T14:35:43+00:00","description":"leathersocialberlin LeatherSocialBerlin leathersocialberlin | leathermen | berlin gayleathermen | gaymen | blackleather | berlin the place to be | leatherfetish | leatherman | leatherboots | muircap | leatherfetish | guys into leather | monthly | social | leathersocial | gayberlin","breadcrumb":{"@id":"https:\/\/leathersocialberlin.com\/?page_id=197#breadcrumb"},"inLanguage":"de","potentialAction":[{"@type":"ReadAction","target":["https:\/\/leathersocialberlin.com\/?page_id=197"]}]},{"@type":"ImageObject","inLanguage":"de","@id":"https:\/\/leathersocialberlin.com\/?page_id=197#primaryimage","url":"https:\/\/i0.wp.com\/leathersocialberlin.com\/wp-content\/uploads\/2021\/05\/2021-05_logo_web.png?fit=1080%2C1080&ssl=1","contentUrl":"https:\/\/i0.wp.com\/leathersocialberlin.com\/wp-content\/uploads\/2021\/05\/2021-05_logo_web.png?fit=1080%2C1080&ssl=1","width":1080,"height":1080},{"@type":"BreadcrumbList","@id":"https:\/\/leathersocialberlin.com\/?page_id=197#breadcrumb","itemListElement":[{"@type":"ListItem","position":1,"name":"Startseite","item":"https:\/\/leathersocialberlin.com\/"},{"@type":"ListItem","position":2,"name":"About"}]},{"@type":"WebSite","@id":"https:\/\/leathersocialberlin.com\/#website","url":"https:\/\/leathersocialberlin.com\/","name":"LeatherSocialBerlin","description":"Monthly meet up for guys into leather-\/fetish gear","publisher":{"@id":"https:\/\/leathersocialberlin.com\/#organization"},"potentialAction":[{"@type":"SearchAction","target":{"@type":"EntryPoint","urlTemplate":"https:\/\/leathersocialberlin.com\/?s={search_term_string}"},"query-input":{"@type":"PropertyValueSpecification","valueRequired":true,"valueName":"search_term_string"}}],"inLanguage":"de"},{"@type":"Organization","@id":"https:\/\/leathersocialberlin.com\/#organization","name":"LeatherSocialBerlin","url":"https:\/\/leathersocialberlin.com\/","logo":{"@type":"ImageObject","inLanguage":"de","@id":"https:\/\/leathersocialberlin.com\/#\/schema\/logo\/image\/","url":"https:\/\/i2.wp.com\/leathersocialberlin.com\/wp-content\/uploads\/2021\/05\/2021-05_logo_monthly-e1621199761252.png?fit=300%2C300&ssl=1","contentUrl":"https:\/\/i2.wp.com\/leathersocialberlin.com\/wp-content\/uploads\/2021\/05\/2021-05_logo_monthly-e1621199761252.png?fit=300%2C300&ssl=1","width":300,"height":300,"caption":"LeatherSocialBerlin"},"image":{"@id":"https:\/\/leathersocialberlin.com\/#\/schema\/logo\/image\/"},"sameAs":["https:\/\/www.instagram.com\/leather_social_berlin"]}]}},"jetpack_sharing_enabled":true,"_links":{"self":[{"href":"https:\/\/leathersocialberlin.com\/index.php?rest_route=\/wp\/v2\/pages\/197","targetHints":{"allow":["GET"]}}],"collection":[{"href":"https:\/\/leathersocialberlin.com\/index.php?rest_route=\/wp\/v2\/pages"}],"about":[{"href":"https:\/\/leathersocialberlin.com\/index.php?rest_route=\/wp\/v2\/types\/page"}],"author":[{"embeddable":true,"href":"https:\/\/leathersocialberlin.com\/index.php?rest_route=\/wp\/v2\/users\/1"}],"replies":[{"embeddable":true,"href":"https:\/\/leathersocialberlin.com\/index.php?rest_route=%2Fwp%2Fv2%2Fcomments&post=197"}],"version-history":[{"count":17,"href":"https:\/\/leathersocialberlin.com\/index.php?rest_route=\/wp\/v2\/pages\/197\/revisions"}],"predecessor-version":[{"id":334,"href":"https:\/\/leathersocialberlin.com\/index.php?rest_route=\/wp\/v2\/pages\/197\/revisions\/334"}],"wp:attachment":[{"href":"https:\/\/leathersocialberlin.com\/index.php?rest_route=%2Fwp%2Fv2%2Fmedia&parent=197"}],"curies":[{"name":"wp","href":"https:\/\/api.w.org\/{rel}","templated":true}]}}