{"id":123,"date":"2021-03-14T23:02:48","date_gmt":"2021-03-14T22:02:48","guid":{"rendered":"https:\/\/leathersocialberlin.com\/?page_id=123"},"modified":"2025-02-07T00:43:29","modified_gmt":"2025-02-06T22:43:29","slug":"impressum","status":"publish","type":"page","link":"https:\/\/leathersocialberlin.com\/?page_id=123","title":{"rendered":"Impressum"},"content":{"rendered":"\n<h5 class=\"wp-block-heading has-text-align-left has-button-color-color has-text-color has-link-color wp-elements-012b38e0431f553773f88f381840bbf3\">Angaben gem\u00e4\u00df \u00a7 5 TMG<\/h5>\n\n\n\n<p class=\"has-text-align-left has-button-color-color has-text-color has-link-color has-small-font-size wp-elements-b5463b2b322ea6ee5cb52881c6a49c51\">Thomas Specht<br>Kalckreuthstra\u00dfe 10<br>10777 Berlin<\/p>\n\n\n\n<h5 class=\"wp-block-heading has-text-align-left has-button-color-color has-text-color has-link-color wp-elements-730fc258c2ae985be2fdac7bd7bbb5eb\">Kontakt<\/h5>\n\n\n\n<p class=\"has-text-align-left has-button-color-color has-text-color has-link-color has-small-font-size wp-elements-8090f6b66a54dffa6914e4b5755852b9\">Telefon: +49 176 62910373<br>E-Mail: <a data-type=\"mailto\" data-id=\"mailto:mail@leathersocialberlin.com\" href=\"mailto:mail@leathersocialberlin.com\" target=\"_blank\" rel=\"noreferrer noopener\"><span style=\"color:#000066\" class=\"tadv-color\">mail@leathersocialberlin.com<\/span><\/a><\/p>\n\n\n\n<h5 class=\"wp-block-heading has-text-align-left has-button-color-color has-text-color has-link-color wp-elements-0806470b1c10ba1959778879588db843\">Redaktionell Verantwortlicher<\/h5>\n\n\n\n<p class=\"has-text-align-left has-button-color-color has-text-color has-link-color has-small-font-size wp-elements-ca61fff8c5eef5b8e90a27700050028c\">Thomas Specht<br>Kalckreuthstra\u00dfe 10<br>10717 Berlin<\/p>\n\n\n\n<h5 class=\"wp-block-heading has-text-align-left has-button-color-color has-text-color has-link-color wp-elements-57b4bcafa553486d3c2923d664857338\">Haftung f\u00fcr Inhalte<\/h5>\n\n\n\n<p class=\"has-text-align-justify has-button-color-color has-text-color has-link-color has-small-font-size wp-elements-092bba08ccdc9972c88f5f4f8a5324bb\">Als Diensteanbieter sind wir gem\u00e4\u00df \u00a7 7 Abs.1 TMG f\u00fcr eigene Inhalte auf diesen Seiten nach den allgemeinen Gesetzen verantwortlich. Nach \u00a7\u00a7 8 bis 10 TMG sind wir als Diensteanbieter jedoch nicht verpflichtet, \u00fcbermittelte oder gespeicherte fremde Informationen zu \u00fcberwachen oder nach Umst\u00e4nden zu forschen, die auf eine rechtswidrige T\u00e4tigkeit hinweisen.<\/p>\n\n\n\n<p class=\"has-text-align-justify has-button-color-color has-text-color has-link-color has-small-font-size wp-elements-bf53f994f7117f902c7c2bab32745758\">Verpflichtungen zur Entfernung oder Sperrung der Nutzung von Informationen nach den allgemeinen Gesetzen bleiben hiervon unber\u00fchrt. Eine diesbez\u00fcgliche Haftung ist jedoch erst ab dem Zeitpunkt der Kenntnis einer konkreten Rechtsverletzung m\u00f6glich. Bei Bekanntwerden von entsprechenden Rechtsverletzungen werden wir diese Inhalte umgehend entfernen.<\/p>\n\n\n\n<h5 class=\"wp-block-heading has-text-align-left has-button-color-color has-text-color has-link-color wp-elements-3605408ee4c1589db1cce2dc97e07543\">Haftung f\u00fcr Links<\/h5>\n\n\n\n<p class=\"has-text-align-justify has-button-color-color has-text-color has-link-color has-small-font-size wp-elements-4b5a1d5c4a1b4c1d2aa1b1c99f779463\">Unser Angebot enth\u00e4lt Links zu externen Websites Dritter, auf deren Inhalte wir keinen Einfluss haben. Deshalb k\u00f6nnen wir f\u00fcr diese fremden Inhalte auch keine Gew\u00e4hr \u00fcbernehmen. F\u00fcr die Inhalte der verlinkten Seiten ist stets der jeweilige Anbieter oder Betreiber der Seiten verantwortlich. Die verlinkten Seiten wurden zum Zeitpunkt der Verlinkung auf m\u00f6gliche Rechtsverst\u00f6\u00dfe \u00fcberpr\u00fcft. Rechtswidrige Inhalte waren zum Zeitpunkt der Verlinkung nicht erkennbar.<\/p>\n\n\n\n<p class=\"has-text-align-justify has-button-color-color has-text-color has-link-color has-small-font-size wp-elements-33d3eff9c7f79f4de05a47e4731625da\">Eine permanente inhaltliche Kontrolle der verlinkten Seiten ist jedoch ohne konkrete Anhaltspunkte einer Rechtsverletzung nicht zumutbar. Bei Bekanntwerden von Rechtsverletzungen werden wir derartige Links umgehend entfernen.<\/p>\n\n\n\n<h5 class=\"wp-block-heading has-text-align-left has-button-color-color has-text-color has-link-color wp-elements-ea17f5d22157fd1cca167b0e376e4e18\">Urheberrecht<\/h5>\n\n\n\n<p class=\"has-text-align-justify has-button-color-color has-text-color has-link-color has-small-font-size wp-elements-adc5b4c1b0764391ccbcc66952adce2f\">Die durch die Seitenbetreiber erstellten Inhalte und Werke auf diesen Seiten unterliegen dem deutschen Urheberrecht. Die Vervielf\u00e4ltigung, Bearbeitung, Verbreitung und jede Art der Verwertung au\u00dferhalb der Grenzen des Urheberrechtes bed\u00fcrfen der schriftlichen Zustimmung des jeweiligen Autors bzw. Erstellers. Downloads und Kopien dieser Seite sind nur f\u00fcr den privaten, nicht kommerziellen Gebrauch gestattet.<\/p>\n\n\n\n<p class=\"has-text-align-justify has-button-color-color has-text-color has-link-color has-small-font-size wp-elements-58de03f6251c04607a537d9caa4f5bd0\">Soweit die Inhalte auf dieser Seite nicht vom Betreiber erstellt wurden, werden die Urheberrechte Dritter beachtet. Insbesondere werden Inhalte Dritter als solche gekennzeichnet. Sollten Sie trotzdem auf eine Urheberrechtsverletzung aufmerksam werden, bitten wir um einen entsprechenden Hinweis. Bei Bekanntwerden von Rechtsverletzungen werden wir derartige Inhalte umgehend entfernen.<\/p>\n\n\n\n<p class=\"has-text-align-left has-button-color-color has-text-color has-link-color has-small-font-size wp-elements-1ec919b20487fae06e865d256ac5ceb4\">Quelle: e-recht24.de<\/p>\n\n\n\n<p class=\"has-button-color-color has-text-color\"><\/p>\n\n\n\n<p><\/p>\n","protected":false},"excerpt":{"rendered":"<p>Angaben gem\u00e4\u00df \u00a7 5 TMG Thomas SpechtKalckreuthstra\u00dfe 1010777 Berlin Kontakt Telefon: +49 176 62910373E-Mail: mail@leathersocialberlin.com Redaktionell Verantwortlicher Thomas SpechtKalckreuthstra\u00dfe 1010717 Berlin Haftung f\u00fcr Inhalte Als Diensteanbieter sind wir gem\u00e4\u00df \u00a7 7 Abs.1 TMG f\u00fcr eigene Inhalte auf diesen Seiten nach &hellip;<\/p>\n<p class=\"read-more\"> <a class=\"more-link\" href=\"https:\/\/leathersocialberlin.com\/?page_id=123\"> <span class=\"screen-reader-text\">Impressum<\/span> Weiterlesen &raquo;<\/a><\/p>\n","protected":false},"author":1,"featured_media":0,"parent":0,"menu_order":0,"comment_status":"closed","ping_status":"closed","template":"","meta":{"ngg_post_thumbnail":0,"footnotes":""},"class_list":["post-123","page","type-page","status-publish","hentry"],"yoast_head":"<!-- This site is optimized with the Yoast SEO plugin v27.5 - https:\/\/yoast.com\/product\/yoast-seo-wordpress\/ -->\n<title>Impressum | LeatherSocialBerlin<\/title>\n<meta name=\"description\" content=\"leathersocialberlin LeatherSocialBerlin leathersocialberlin | leathermen | berlin gayleathermen | gaymen | blackleather | berlin the place to be | leatherfetish | leatherman | leatherboots | muircap | leatherfetish | guys into leather | monthly | social | leathersocial | gayberlin\" \/>\n<meta name=\"robots\" content=\"index, follow, max-snippet:-1, max-image-preview:large, max-video-preview:-1\" \/>\n<link rel=\"canonical\" href=\"https:\/\/leathersocialberlin.com\/?page_id=123\" \/>\n<meta property=\"og:locale\" content=\"de_DE\" \/>\n<meta property=\"og:type\" content=\"article\" \/>\n<meta property=\"og:title\" content=\"Impressum | LeatherSocialBerlin\" \/>\n<meta property=\"og:description\" content=\"leathersocialberlin LeatherSocialBerlin leathersocialberlin | leathermen | berlin gayleathermen | gaymen | blackleather | berlin the place to be | leatherfetish | leatherman | leatherboots | muircap | leatherfetish | guys into leather | monthly | social | leathersocial | gayberlin\" \/>\n<meta property=\"og:url\" content=\"https:\/\/leathersocialberlin.com\/?page_id=123\" \/>\n<meta property=\"og:site_name\" content=\"LeatherSocialBerlin\" \/>\n<meta property=\"article:modified_time\" content=\"2025-02-06T22:43:29+00:00\" \/>\n<meta name=\"twitter:card\" content=\"summary_large_image\" \/>\n<meta name=\"twitter:label1\" content=\"Gesch\u00e4tzte Lesezeit\" \/>\n\t<meta name=\"twitter:data1\" content=\"2\u00a0Minuten\" \/>\n<script type=\"application\/ld+json\" class=\"yoast-schema-graph\">{\"@context\":\"https:\\\/\\\/schema.org\",\"@graph\":[{\"@type\":\"WebPage\",\"@id\":\"https:\\\/\\\/leathersocialberlin.com\\\/?page_id=123\",\"url\":\"https:\\\/\\\/leathersocialberlin.com\\\/?page_id=123\",\"name\":\"Impressum | LeatherSocialBerlin\",\"isPartOf\":{\"@id\":\"https:\\\/\\\/leathersocialberlin.com\\\/#website\"},\"datePublished\":\"2021-03-14T22:02:48+00:00\",\"dateModified\":\"2025-02-06T22:43:29+00:00\",\"description\":\"leathersocialberlin LeatherSocialBerlin leathersocialberlin | leathermen | berlin gayleathermen | gaymen | blackleather | berlin the place to be | leatherfetish | leatherman | leatherboots | muircap | leatherfetish | guys into leather | monthly | social | leathersocial | gayberlin\",\"breadcrumb\":{\"@id\":\"https:\\\/\\\/leathersocialberlin.com\\\/?page_id=123#breadcrumb\"},\"inLanguage\":\"de\",\"potentialAction\":[{\"@type\":\"ReadAction\",\"target\":[\"https:\\\/\\\/leathersocialberlin.com\\\/?page_id=123\"]}]},{\"@type\":\"BreadcrumbList\",\"@id\":\"https:\\\/\\\/leathersocialberlin.com\\\/?page_id=123#breadcrumb\",\"itemListElement\":[{\"@type\":\"ListItem\",\"position\":1,\"name\":\"Startseite\",\"item\":\"https:\\\/\\\/leathersocialberlin.com\\\/\"},{\"@type\":\"ListItem\",\"position\":2,\"name\":\"Impressum\"}]},{\"@type\":\"WebSite\",\"@id\":\"https:\\\/\\\/leathersocialberlin.com\\\/#website\",\"url\":\"https:\\\/\\\/leathersocialberlin.com\\\/\",\"name\":\"LeatherSocialBerlin\",\"description\":\"Monthly meet up for guys into leather-\\\/fetish gear\",\"publisher\":{\"@id\":\"https:\\\/\\\/leathersocialberlin.com\\\/#organization\"},\"potentialAction\":[{\"@type\":\"SearchAction\",\"target\":{\"@type\":\"EntryPoint\",\"urlTemplate\":\"https:\\\/\\\/leathersocialberlin.com\\\/?s={search_term_string}\"},\"query-input\":{\"@type\":\"PropertyValueSpecification\",\"valueRequired\":true,\"valueName\":\"search_term_string\"}}],\"inLanguage\":\"de\"},{\"@type\":\"Organization\",\"@id\":\"https:\\\/\\\/leathersocialberlin.com\\\/#organization\",\"name\":\"LeatherSocialBerlin\",\"url\":\"https:\\\/\\\/leathersocialberlin.com\\\/\",\"logo\":{\"@type\":\"ImageObject\",\"inLanguage\":\"de\",\"@id\":\"https:\\\/\\\/leathersocialberlin.com\\\/#\\\/schema\\\/logo\\\/image\\\/\",\"url\":\"https:\\\/\\\/i2.wp.com\\\/leathersocialberlin.com\\\/wp-content\\\/uploads\\\/2021\\\/05\\\/2021-05_logo_monthly-e1621199761252.png?fit=300%2C300&ssl=1\",\"contentUrl\":\"https:\\\/\\\/i2.wp.com\\\/leathersocialberlin.com\\\/wp-content\\\/uploads\\\/2021\\\/05\\\/2021-05_logo_monthly-e1621199761252.png?fit=300%2C300&ssl=1\",\"width\":300,\"height\":300,\"caption\":\"LeatherSocialBerlin\"},\"image\":{\"@id\":\"https:\\\/\\\/leathersocialberlin.com\\\/#\\\/schema\\\/logo\\\/image\\\/\"},\"sameAs\":[\"https:\\\/\\\/www.instagram.com\\\/leather_social_berlin\"]}]}<\/script>\n<!-- \/ Yoast SEO plugin. -->","yoast_head_json":{"title":"Impressum | LeatherSocialBerlin","description":"leathersocialberlin LeatherSocialBerlin leathersocialberlin | leathermen | berlin gayleathermen | gaymen | blackleather | berlin the place to be | leatherfetish | leatherman | leatherboots | muircap | leatherfetish | guys into leather | monthly | social | leathersocial | gayberlin","robots":{"index":"index","follow":"follow","max-snippet":"max-snippet:-1","max-image-preview":"max-image-preview:large","max-video-preview":"max-video-preview:-1"},"canonical":"https:\/\/leathersocialberlin.com\/?page_id=123","og_locale":"de_DE","og_type":"article","og_title":"Impressum | LeatherSocialBerlin","og_description":"leathersocialberlin LeatherSocialBerlin leathersocialberlin | leathermen | berlin gayleathermen | gaymen | blackleather | berlin the place to be | leatherfetish | leatherman | leatherboots | muircap | leatherfetish | guys into leather | monthly | social | leathersocial | gayberlin","og_url":"https:\/\/leathersocialberlin.com\/?page_id=123","og_site_name":"LeatherSocialBerlin","article_modified_time":"2025-02-06T22:43:29+00:00","twitter_card":"summary_large_image","twitter_misc":{"Gesch\u00e4tzte Lesezeit":"2\u00a0Minuten"},"schema":{"@context":"https:\/\/schema.org","@graph":[{"@type":"WebPage","@id":"https:\/\/leathersocialberlin.com\/?page_id=123","url":"https:\/\/leathersocialberlin.com\/?page_id=123","name":"Impressum | LeatherSocialBerlin","isPartOf":{"@id":"https:\/\/leathersocialberlin.com\/#website"},"datePublished":"2021-03-14T22:02:48+00:00","dateModified":"2025-02-06T22:43:29+00:00","description":"leathersocialberlin LeatherSocialBerlin leathersocialberlin | leathermen | berlin gayleathermen | gaymen | blackleather | berlin the place to be | leatherfetish | leatherman | leatherboots | muircap | leatherfetish | guys into leather | monthly | social | leathersocial | gayberlin","breadcrumb":{"@id":"https:\/\/leathersocialberlin.com\/?page_id=123#breadcrumb"},"inLanguage":"de","potentialAction":[{"@type":"ReadAction","target":["https:\/\/leathersocialberlin.com\/?page_id=123"]}]},{"@type":"BreadcrumbList","@id":"https:\/\/leathersocialberlin.com\/?page_id=123#breadcrumb","itemListElement":[{"@type":"ListItem","position":1,"name":"Startseite","item":"https:\/\/leathersocialberlin.com\/"},{"@type":"ListItem","position":2,"name":"Impressum"}]},{"@type":"WebSite","@id":"https:\/\/leathersocialberlin.com\/#website","url":"https:\/\/leathersocialberlin.com\/","name":"LeatherSocialBerlin","description":"Monthly meet up for guys into leather-\/fetish gear","publisher":{"@id":"https:\/\/leathersocialberlin.com\/#organization"},"potentialAction":[{"@type":"SearchAction","target":{"@type":"EntryPoint","urlTemplate":"https:\/\/leathersocialberlin.com\/?s={search_term_string}"},"query-input":{"@type":"PropertyValueSpecification","valueRequired":true,"valueName":"search_term_string"}}],"inLanguage":"de"},{"@type":"Organization","@id":"https:\/\/leathersocialberlin.com\/#organization","name":"LeatherSocialBerlin","url":"https:\/\/leathersocialberlin.com\/","logo":{"@type":"ImageObject","inLanguage":"de","@id":"https:\/\/leathersocialberlin.com\/#\/schema\/logo\/image\/","url":"https:\/\/i2.wp.com\/leathersocialberlin.com\/wp-content\/uploads\/2021\/05\/2021-05_logo_monthly-e1621199761252.png?fit=300%2C300&ssl=1","contentUrl":"https:\/\/i2.wp.com\/leathersocialberlin.com\/wp-content\/uploads\/2021\/05\/2021-05_logo_monthly-e1621199761252.png?fit=300%2C300&ssl=1","width":300,"height":300,"caption":"LeatherSocialBerlin"},"image":{"@id":"https:\/\/leathersocialberlin.com\/#\/schema\/logo\/image\/"},"sameAs":["https:\/\/www.instagram.com\/leather_social_berlin"]}]}},"jetpack_sharing_enabled":true,"_links":{"self":[{"href":"https:\/\/leathersocialberlin.com\/index.php?rest_route=\/wp\/v2\/pages\/123","targetHints":{"allow":["GET"]}}],"collection":[{"href":"https:\/\/leathersocialberlin.com\/index.php?rest_route=\/wp\/v2\/pages"}],"about":[{"href":"https:\/\/leathersocialberlin.com\/index.php?rest_route=\/wp\/v2\/types\/page"}],"author":[{"embeddable":true,"href":"https:\/\/leathersocialberlin.com\/index.php?rest_route=\/wp\/v2\/users\/1"}],"replies":[{"embeddable":true,"href":"https:\/\/leathersocialberlin.com\/index.php?rest_route=%2Fwp%2Fv2%2Fcomments&post=123"}],"version-history":[{"count":11,"href":"https:\/\/leathersocialberlin.com\/index.php?rest_route=\/wp\/v2\/pages\/123\/revisions"}],"predecessor-version":[{"id":484,"href":"https:\/\/leathersocialberlin.com\/index.php?rest_route=\/wp\/v2\/pages\/123\/revisions\/484"}],"wp:attachment":[{"href":"https:\/\/leathersocialberlin.com\/index.php?rest_route=%2Fwp%2Fv2%2Fmedia&parent=123"}],"curies":[{"name":"wp","href":"https:\/\/api.w.org\/{rel}","templated":true}]}}