{"id":112,"date":"2021-03-14T22:50:06","date_gmt":"2021-03-14T21:50:06","guid":{"rendered":"https:\/\/leathersocialberlin.com\/?page_id=112"},"modified":"2023-02-06T23:45:14","modified_gmt":"2023-02-06T21:45:14","slug":"home","status":"publish","type":"page","link":"https:\/\/leathersocialberlin.com\/","title":{"rendered":"Home"},"content":{"rendered":"\n<figure class=\"wp-block-image aligncenter size-large\"><img data-recalc-dims=\"1\" loading=\"lazy\" decoding=\"async\" width=\"605\" height=\"193\" src=\"https:\/\/i0.wp.com\/leathersocialberlin.com\/wp-content\/uploads\/2021\/05\/02_main24_banner.jpg?resize=605%2C193&#038;ssl=1\" alt=\"\" class=\"wp-image-256\" srcset=\"https:\/\/i0.wp.com\/leathersocialberlin.com\/wp-content\/uploads\/2021\/05\/02_main24_banner.jpg?resize=1024%2C326&amp;ssl=1 1024w, https:\/\/i0.wp.com\/leathersocialberlin.com\/wp-content\/uploads\/2021\/05\/02_main24_banner.jpg?resize=300%2C95&amp;ssl=1 300w, https:\/\/i0.wp.com\/leathersocialberlin.com\/wp-content\/uploads\/2021\/05\/02_main24_banner.jpg?resize=768%2C244&amp;ssl=1 768w, https:\/\/i0.wp.com\/leathersocialberlin.com\/wp-content\/uploads\/2021\/05\/02_main24_banner.jpg?resize=100%2C32&amp;ssl=1 100w, https:\/\/i0.wp.com\/leathersocialberlin.com\/wp-content\/uploads\/2021\/05\/02_main24_banner.jpg?resize=150%2C48&amp;ssl=1 150w, https:\/\/i0.wp.com\/leathersocialberlin.com\/wp-content\/uploads\/2021\/05\/02_main24_banner.jpg?resize=200%2C64&amp;ssl=1 200w, https:\/\/i0.wp.com\/leathersocialberlin.com\/wp-content\/uploads\/2021\/05\/02_main24_banner.jpg?resize=450%2C143&amp;ssl=1 450w, https:\/\/i0.wp.com\/leathersocialberlin.com\/wp-content\/uploads\/2021\/05\/02_main24_banner.jpg?resize=600%2C191&amp;ssl=1 600w, https:\/\/i0.wp.com\/leathersocialberlin.com\/wp-content\/uploads\/2021\/05\/02_main24_banner.jpg?resize=900%2C286&amp;ssl=1 900w, https:\/\/i0.wp.com\/leathersocialberlin.com\/wp-content\/uploads\/2021\/05\/02_main24_banner.jpg?w=1376&amp;ssl=1 1376w, https:\/\/i0.wp.com\/leathersocialberlin.com\/wp-content\/uploads\/2021\/05\/02_main24_banner.jpg?w=1210&amp;ssl=1 1210w\" sizes=\"auto, (max-width: 605px) 100vw, 605px\" \/><\/figure>\n\n\n\n<figure class=\"wp-block-image aligncenter size-large is-resized\"><img data-recalc-dims=\"1\" loading=\"lazy\" decoding=\"async\" src=\"https:\/\/i0.wp.com\/leathersocialberlin.com\/wp-content\/uploads\/2021\/07\/Leatherpride_small.png?resize=114%2C76&#038;ssl=1\" alt=\"\" class=\"wp-image-323\" width=\"114\" height=\"76\" srcset=\"https:\/\/i0.wp.com\/leathersocialberlin.com\/wp-content\/uploads\/2021\/07\/Leatherpride_small.png?w=567&amp;ssl=1 567w, https:\/\/i0.wp.com\/leathersocialberlin.com\/wp-content\/uploads\/2021\/07\/Leatherpride_small.png?resize=300%2C200&amp;ssl=1 300w, https:\/\/i0.wp.com\/leathersocialberlin.com\/wp-content\/uploads\/2021\/07\/Leatherpride_small.png?resize=100%2C67&amp;ssl=1 100w, https:\/\/i0.wp.com\/leathersocialberlin.com\/wp-content\/uploads\/2021\/07\/Leatherpride_small.png?resize=150%2C100&amp;ssl=1 150w, https:\/\/i0.wp.com\/leathersocialberlin.com\/wp-content\/uploads\/2021\/07\/Leatherpride_small.png?resize=200%2C133&amp;ssl=1 200w, https:\/\/i0.wp.com\/leathersocialberlin.com\/wp-content\/uploads\/2021\/07\/Leatherpride_small.png?resize=450%2C300&amp;ssl=1 450w\" sizes=\"auto, (max-width: 114px) 100vw, 114px\" \/><\/figure>\n\n\n\n<hr class=\"wp-block-separator has-text-color has-responsive-container-background-color-color has-css-opacity has-responsive-container-background-color-background-color has-background is-style-wide\"\/>\n\n\n\n<p><\/p>\n\n\n\n<p><\/p>\n\n\n\n<hr class=\"wp-block-separator has-text-color has-button-hover-color-color has-css-opacity has-button-hover-color-background-color has-background is-style-dots\"\/>\n\n\n\n<h2 class=\"alignwide has-text-align-center has-button-hover-color-color has-button-hover-text-color-background-color has-text-color has-background wp-block-heading\">F<span style=\"color:#000066\" class=\"tadv-color\">or next LeatherSocialBerlin<\/span>:<\/h2>\n\n\n\n<h2 class=\"alignwide has-text-align-center has-button-hover-color-color has-button-hover-text-color-background-color has-text-color has-background wp-block-heading\">Location TBA via our newsletter &#8211; subscribe down here<\/h2>\n\n\n\n<h2 class=\"wp-block-heading\"><\/h2>\n\n\n\n<hr class=\"wp-block-separator has-alpha-channel-opacity\"\/>\n\n\n\n<h2 class=\"alignwide has-text-align-center has-responsive-container-background-color-color has-text-color wp-block-heading\"><strong>DAS ORIGINAL GEHT WEITER<\/strong><\/h2>\n\n\n\n<h2 class=\"alignwide has-text-align-center has-text-color wp-block-heading\" style=\"color:#000066\"><strong><span style=\"color:#000066\" class=\"tadv-color\">THE ORIGINAL CONTINUES<\/span><\/strong><\/h2>\n\n\n\n<div style=\"height:20px\" aria-hidden=\"true\" class=\"wp-block-spacer\"><\/div>\n\n\n\n<h2 class=\"has-responsive-container-background-color-color has-text-color wp-block-heading\">Willkommen bei LeatherSocialBerlin<\/h2>\n\n\n\n<p class=\"has-responsive-container-background-color-color has-text-color\" style=\"font-size:18px\">Liebe Lederm\u00e4nner und Fetishfreunde, <\/p>\n\n\n\n<p class=\"has-button-hover-text-color-color has-text-color\" style=\"font-size:18px\">Wir f\u00fchren das von Johannes K., nach Londoner Vorbild in 2015 Berlin etablierte und erfolgreich durchgef\u00fchrte LeatherSocialBerlin in altbew\u00e4hrter Tradition fort und wollen in gepflegter privater und entspannter Atmosph\u00e4re generations\u00fcbergreifende Lederinteressen und Lederfetischkerle zusammenbringen.<\/p>\n\n\n\n<div style=\"height:43px\" aria-hidden=\"true\" class=\"wp-block-spacer\"><\/div>\n\n\n\n<h1 class=\"has-text-color wp-block-heading\" style=\"color:#000066\">Welcome to LeatherSocialBerlin<\/h1>\n\n\n\n<p class=\"has-text-color\" style=\"color:#000066;font-size:18px\"><strong>Dear Leathermen and fetishfriends, <\/strong><\/p>\n\n\n\n<p class=\"has-text-color\" style=\"color:#000066;font-size:18px\"><strong>We continue the LeatherSocialBerlin established 2015 by Johannes K., after London model in Berlin and successfully carried out in time-honored tradition and want to bring together cross-generational leather interests and leather fetish guys in a cultivated private and relaxed atmosphere.<\/strong><\/p>\n\n\n\n<div style=\"height:80px\" aria-hidden=\"true\" class=\"wp-block-spacer\"><\/div>\n\n\n\n<hr class=\"wp-block-separator has-text-color has-responsive-container-background-color-color has-css-opacity has-responsive-container-background-color-background-color has-background is-style-wide\"\/>\n\n\n\n<div style=\"height:17px\" aria-hidden=\"true\" class=\"wp-block-spacer\"><\/div>\n\n\n\n<p class=\"has-text-align-left has-responsive-container-background-color-color has-text-color\" style=\"font-size:18px\"><strong>Der beste Weg, um \u00fcber den n\u00e4chsten Veranstaltungsort auf dem Laufenden zu bleiben, ist, sich f\u00fcr unseren Newsletter anzumelden.<\/strong><br><\/p>\n\n\n\n<p class=\"has-text-align-left has-text-color\" style=\"color:#000066;font-size:18px\"><strong>The best way to stay up to date on the location of the next event is to join us and subscribe our Newsletter.<br><\/strong><\/p>\n\n\n\n<div style=\"height:25px\" aria-hidden=\"true\" class=\"wp-block-spacer\"><\/div>\n\n\n\n<hr class=\"wp-block-separator has-text-color has-responsive-container-background-color-color has-css-opacity has-responsive-container-background-color-background-color has-background is-style-wide\"\/>\n\n\n\n<div style=\"height:17px\" aria-hidden=\"true\" class=\"wp-block-spacer\"><\/div>\n\n\n\n<p class=\"has-text-align-left\" style=\"font-size:18px\"><strong><span style=\"color:#ffffff\" class=\"tadv-color\">Wenn ihr Fragen habt, k\u00f6nnen ihr diese gerne stellen. Den Link zu unserer eMail finden ihr in der Fu\u00dfzeile dieser Seite.<\/span><\/strong><\/p>\n\n\n\n<p class=\"has-text-align-left has-text-color\" style=\"color:#000066;font-size:18px\"><strong>If you have any questions feel free to ask. Find the link to our eMail in the footer of this site.<\/strong><\/p>\n\n\n\n<div style=\"height:17px\" aria-hidden=\"true\" class=\"wp-block-spacer\"><\/div>\n\n\n\n<hr class=\"wp-block-separator has-text-color has-responsive-container-background-color-color has-css-opacity has-responsive-container-background-color-background-color has-background is-style-wide\"\/>\n\n\n\n<p class=\"has-text-align-left\" style=\"font-size:18px\"><strong><span style=\"color:#ffffff\" class=\"tadv-color\">Follow us &gt;&gt;&gt;&gt;&gt;&gt;<\/span><\/strong><\/p>\n\n\n\n<ul class=\"wp-block-list\">\n<li><span style=\"color:#cccccc\" class=\"tadv-color\">Website:<\/span> <a data-type=\"URL\" data-id=\"https:\/\/leathersocialberlin.com\" rel=\"noreferrer noopener\" href=\"https:\/\/leathersocialberlin.com\" target=\"_blank\">leathersocialberlin.com<\/a><\/li>\n\n\n\n<li><span style=\"color:#cccccc\" class=\"tadv-color\">Instagram:<\/span> <a href=\"http:\/\/www.instagram.com\/leather_social_berlin\" target=\"_blank\" rel=\"noreferrer noopener\">leather_social_berlin<\/a><\/li>\n\n\n\n<li><span style=\"color:#cccccc\" class=\"tadv-color\">Telegram-Channel:<\/span> <a data-type=\"URL\" data-id=\"t.me\/leathersocialberlin\" rel=\"noreferrer noopener\" href=\"http:\/\/t.me\/leathersocialberlin\" target=\"_blank\">leathersocialberlin<\/a><\/li>\n\n\n\n<li><span style=\"color:#cccccc\" class=\"tadv-color\">Planetromeo-Group:<\/span> <a data-type=\"URL\" data-id=\"planetromeo.com\/groups\/leathersocialberlin\" rel=\"noreferrer noopener\" href=\"http:\/\/planetromeo.com\/groups\/leathersocialberlin\" target=\"_blank\">leathersocialberlin<\/a><\/li>\n<\/ul>\n\n\n\n<div style=\"height:61px\" aria-hidden=\"true\" class=\"wp-block-spacer\"><\/div>\n\n\n\n<p><\/p>\n","protected":false},"excerpt":{"rendered":"<p>For next LeatherSocialBerlin: Location TBA via our newsletter &#8211; subscribe down here DAS ORIGINAL GEHT WEITER THE ORIGINAL CONTINUES Willkommen bei LeatherSocialBerlin Liebe Lederm\u00e4nner und Fetishfreunde, Wir f\u00fchren das von Johannes K., nach Londoner Vorbild in 2015 Berlin etablierte und &hellip;<\/p>\n<p class=\"read-more\"> <a class=\"more-link\" href=\"https:\/\/leathersocialberlin.com\/\"> <span class=\"screen-reader-text\">Home<\/span> Weiterlesen &raquo;<\/a><\/p>\n","protected":false},"author":1,"featured_media":0,"parent":0,"menu_order":0,"comment_status":"closed","ping_status":"closed","template":"","meta":{"ngg_post_thumbnail":0,"footnotes":""},"class_list":["post-112","page","type-page","status-publish","hentry"],"yoast_head":"<!-- This site is optimized with the Yoast SEO plugin v27.5 - https:\/\/yoast.com\/product\/yoast-seo-wordpress\/ -->\n<title>LeatherSocialBerlin<\/title>\n<meta name=\"description\" content=\"LeatherSocialBerlin Monthly meet up for guys into leather-\/fetish gear | leathersocialberlin | leathermen | berlin gayleathermen | gaymen | blackleather | berlin the place to be | leatherfetish | leatherman | leatherboots | muircap | boots | guys into leather | monthly | social | leathersocial | gayberlin\" \/>\n<meta name=\"robots\" content=\"index, follow, max-image-preview:large, max-video-preview:-1, noarchive, nosnippet\" \/>\n<link rel=\"canonical\" href=\"https:\/\/leathersocialberlin.com\/\" \/>\n<meta property=\"og:locale\" content=\"de_DE\" \/>\n<meta property=\"og:type\" content=\"article\" \/>\n<meta property=\"og:title\" content=\"LeatherSocialBerlin\" \/>\n<meta property=\"og:description\" content=\"LeatherSocialBerlin Monthly meet up for guys into leather-\/fetish gear | leathersocialberlin | leathermen | berlin gayleathermen | gaymen | blackleather | berlin the place to be | leatherfetish | leatherman | leatherboots | muircap | boots | guys into leather | monthly | social | leathersocial | gayberlin\" \/>\n<meta property=\"og:url\" content=\"https:\/\/leathersocialberlin.com\/\" \/>\n<meta property=\"og:site_name\" content=\"LeatherSocialBerlin\" \/>\n<meta property=\"article:modified_time\" content=\"2023-02-06T21:45:14+00:00\" \/>\n<meta property=\"og:image\" content=\"https:\/\/leathersocialberlin.com\/wp-content\/uploads\/2021\/05\/02_main24_banner-1024x326.jpg\" \/>\n<meta name=\"twitter:card\" content=\"summary_large_image\" \/>\n<meta name=\"twitter:label1\" content=\"Gesch\u00e4tzte Lesezeit\" \/>\n\t<meta name=\"twitter:data1\" content=\"2\u00a0Minuten\" \/>\n<script type=\"application\/ld+json\" class=\"yoast-schema-graph\">{\"@context\":\"https:\\\/\\\/schema.org\",\"@graph\":[{\"@type\":\"WebPage\",\"@id\":\"https:\\\/\\\/leathersocialberlin.com\\\/\",\"url\":\"https:\\\/\\\/leathersocialberlin.com\\\/\",\"name\":\"LeatherSocialBerlin\",\"isPartOf\":{\"@id\":\"https:\\\/\\\/leathersocialberlin.com\\\/#website\"},\"primaryImageOfPage\":{\"@id\":\"https:\\\/\\\/leathersocialberlin.com\\\/#primaryimage\"},\"image\":{\"@id\":\"https:\\\/\\\/leathersocialberlin.com\\\/#primaryimage\"},\"thumbnailUrl\":\"https:\\\/\\\/leathersocialberlin.com\\\/wp-content\\\/uploads\\\/2021\\\/05\\\/02_main24_banner-1024x326.jpg\",\"datePublished\":\"2021-03-14T21:50:06+00:00\",\"dateModified\":\"2023-02-06T21:45:14+00:00\",\"description\":\"LeatherSocialBerlin Monthly meet up for guys into leather-\\\/fetish gear | leathersocialberlin | leathermen | berlin gayleathermen | gaymen | blackleather | berlin the place to be | leatherfetish | leatherman | leatherboots | muircap | boots | guys into leather | monthly | social | leathersocial | gayberlin\",\"breadcrumb\":{\"@id\":\"https:\\\/\\\/leathersocialberlin.com\\\/#breadcrumb\"},\"inLanguage\":\"de\",\"potentialAction\":[{\"@type\":\"ReadAction\",\"target\":[\"https:\\\/\\\/leathersocialberlin.com\\\/\"]}]},{\"@type\":\"ImageObject\",\"inLanguage\":\"de\",\"@id\":\"https:\\\/\\\/leathersocialberlin.com\\\/#primaryimage\",\"url\":\"https:\\\/\\\/i0.wp.com\\\/leathersocialberlin.com\\\/wp-content\\\/uploads\\\/2021\\\/05\\\/02_main24_banner.jpg?fit=1376%2C438&ssl=1\",\"contentUrl\":\"https:\\\/\\\/i0.wp.com\\\/leathersocialberlin.com\\\/wp-content\\\/uploads\\\/2021\\\/05\\\/02_main24_banner.jpg?fit=1376%2C438&ssl=1\",\"width\":1376,\"height\":438},{\"@type\":\"BreadcrumbList\",\"@id\":\"https:\\\/\\\/leathersocialberlin.com\\\/#breadcrumb\",\"itemListElement\":[{\"@type\":\"ListItem\",\"position\":1,\"name\":\"Startseite\",\"item\":\"https:\\\/\\\/leathersocialberlin.com\\\/\"},{\"@type\":\"ListItem\",\"position\":2,\"name\":\"Home\"}]},{\"@type\":\"WebSite\",\"@id\":\"https:\\\/\\\/leathersocialberlin.com\\\/#website\",\"url\":\"https:\\\/\\\/leathersocialberlin.com\\\/\",\"name\":\"LeatherSocialBerlin\",\"description\":\"Monthly meet up for guys into leather-\\\/fetish gear\",\"publisher\":{\"@id\":\"https:\\\/\\\/leathersocialberlin.com\\\/#organization\"},\"potentialAction\":[{\"@type\":\"SearchAction\",\"target\":{\"@type\":\"EntryPoint\",\"urlTemplate\":\"https:\\\/\\\/leathersocialberlin.com\\\/?s={search_term_string}\"},\"query-input\":{\"@type\":\"PropertyValueSpecification\",\"valueRequired\":true,\"valueName\":\"search_term_string\"}}],\"inLanguage\":\"de\"},{\"@type\":\"Organization\",\"@id\":\"https:\\\/\\\/leathersocialberlin.com\\\/#organization\",\"name\":\"LeatherSocialBerlin\",\"url\":\"https:\\\/\\\/leathersocialberlin.com\\\/\",\"logo\":{\"@type\":\"ImageObject\",\"inLanguage\":\"de\",\"@id\":\"https:\\\/\\\/leathersocialberlin.com\\\/#\\\/schema\\\/logo\\\/image\\\/\",\"url\":\"https:\\\/\\\/i2.wp.com\\\/leathersocialberlin.com\\\/wp-content\\\/uploads\\\/2021\\\/05\\\/2021-05_logo_monthly-e1621199761252.png?fit=300%2C300&ssl=1\",\"contentUrl\":\"https:\\\/\\\/i2.wp.com\\\/leathersocialberlin.com\\\/wp-content\\\/uploads\\\/2021\\\/05\\\/2021-05_logo_monthly-e1621199761252.png?fit=300%2C300&ssl=1\",\"width\":300,\"height\":300,\"caption\":\"LeatherSocialBerlin\"},\"image\":{\"@id\":\"https:\\\/\\\/leathersocialberlin.com\\\/#\\\/schema\\\/logo\\\/image\\\/\"},\"sameAs\":[\"https:\\\/\\\/www.instagram.com\\\/leather_social_berlin\"]}]}<\/script>\n<!-- \/ Yoast SEO plugin. -->","yoast_head_json":{"title":"LeatherSocialBerlin","description":"LeatherSocialBerlin Monthly meet up for guys into leather-\/fetish gear | leathersocialberlin | leathermen | berlin gayleathermen | gaymen | blackleather | berlin the place to be | leatherfetish | leatherman | leatherboots | muircap | boots | guys into leather | monthly | social | leathersocial | gayberlin","robots":{"index":"index","follow":"follow","max-image-preview":"max-image-preview:large","max-video-preview":"max-video-preview:-1","archive":"noarchive","snippet":"nosnippet"},"canonical":"https:\/\/leathersocialberlin.com\/","og_locale":"de_DE","og_type":"article","og_title":"LeatherSocialBerlin","og_description":"LeatherSocialBerlin Monthly meet up for guys into leather-\/fetish gear | leathersocialberlin | leathermen | berlin gayleathermen | gaymen | blackleather | berlin the place to be | leatherfetish | leatherman | leatherboots | muircap | boots | guys into leather | monthly | social | leathersocial | gayberlin","og_url":"https:\/\/leathersocialberlin.com\/","og_site_name":"LeatherSocialBerlin","article_modified_time":"2023-02-06T21:45:14+00:00","og_image":[{"url":"https:\/\/leathersocialberlin.com\/wp-content\/uploads\/2021\/05\/02_main24_banner-1024x326.jpg","type":"","width":"","height":""}],"twitter_card":"summary_large_image","twitter_misc":{"Gesch\u00e4tzte Lesezeit":"2\u00a0Minuten"},"schema":{"@context":"https:\/\/schema.org","@graph":[{"@type":"WebPage","@id":"https:\/\/leathersocialberlin.com\/","url":"https:\/\/leathersocialberlin.com\/","name":"LeatherSocialBerlin","isPartOf":{"@id":"https:\/\/leathersocialberlin.com\/#website"},"primaryImageOfPage":{"@id":"https:\/\/leathersocialberlin.com\/#primaryimage"},"image":{"@id":"https:\/\/leathersocialberlin.com\/#primaryimage"},"thumbnailUrl":"https:\/\/leathersocialberlin.com\/wp-content\/uploads\/2021\/05\/02_main24_banner-1024x326.jpg","datePublished":"2021-03-14T21:50:06+00:00","dateModified":"2023-02-06T21:45:14+00:00","description":"LeatherSocialBerlin Monthly meet up for guys into leather-\/fetish gear | leathersocialberlin | leathermen | berlin gayleathermen | gaymen | blackleather | berlin the place to be | leatherfetish | leatherman | leatherboots | muircap | boots | guys into leather | monthly | social | leathersocial | gayberlin","breadcrumb":{"@id":"https:\/\/leathersocialberlin.com\/#breadcrumb"},"inLanguage":"de","potentialAction":[{"@type":"ReadAction","target":["https:\/\/leathersocialberlin.com\/"]}]},{"@type":"ImageObject","inLanguage":"de","@id":"https:\/\/leathersocialberlin.com\/#primaryimage","url":"https:\/\/i0.wp.com\/leathersocialberlin.com\/wp-content\/uploads\/2021\/05\/02_main24_banner.jpg?fit=1376%2C438&ssl=1","contentUrl":"https:\/\/i0.wp.com\/leathersocialberlin.com\/wp-content\/uploads\/2021\/05\/02_main24_banner.jpg?fit=1376%2C438&ssl=1","width":1376,"height":438},{"@type":"BreadcrumbList","@id":"https:\/\/leathersocialberlin.com\/#breadcrumb","itemListElement":[{"@type":"ListItem","position":1,"name":"Startseite","item":"https:\/\/leathersocialberlin.com\/"},{"@type":"ListItem","position":2,"name":"Home"}]},{"@type":"WebSite","@id":"https:\/\/leathersocialberlin.com\/#website","url":"https:\/\/leathersocialberlin.com\/","name":"LeatherSocialBerlin","description":"Monthly meet up for guys into leather-\/fetish gear","publisher":{"@id":"https:\/\/leathersocialberlin.com\/#organization"},"potentialAction":[{"@type":"SearchAction","target":{"@type":"EntryPoint","urlTemplate":"https:\/\/leathersocialberlin.com\/?s={search_term_string}"},"query-input":{"@type":"PropertyValueSpecification","valueRequired":true,"valueName":"search_term_string"}}],"inLanguage":"de"},{"@type":"Organization","@id":"https:\/\/leathersocialberlin.com\/#organization","name":"LeatherSocialBerlin","url":"https:\/\/leathersocialberlin.com\/","logo":{"@type":"ImageObject","inLanguage":"de","@id":"https:\/\/leathersocialberlin.com\/#\/schema\/logo\/image\/","url":"https:\/\/i2.wp.com\/leathersocialberlin.com\/wp-content\/uploads\/2021\/05\/2021-05_logo_monthly-e1621199761252.png?fit=300%2C300&ssl=1","contentUrl":"https:\/\/i2.wp.com\/leathersocialberlin.com\/wp-content\/uploads\/2021\/05\/2021-05_logo_monthly-e1621199761252.png?fit=300%2C300&ssl=1","width":300,"height":300,"caption":"LeatherSocialBerlin"},"image":{"@id":"https:\/\/leathersocialberlin.com\/#\/schema\/logo\/image\/"},"sameAs":["https:\/\/www.instagram.com\/leather_social_berlin"]}]}},"jetpack_sharing_enabled":true,"_links":{"self":[{"href":"https:\/\/leathersocialberlin.com\/index.php?rest_route=\/wp\/v2\/pages\/112","targetHints":{"allow":["GET"]}}],"collection":[{"href":"https:\/\/leathersocialberlin.com\/index.php?rest_route=\/wp\/v2\/pages"}],"about":[{"href":"https:\/\/leathersocialberlin.com\/index.php?rest_route=\/wp\/v2\/types\/page"}],"author":[{"embeddable":true,"href":"https:\/\/leathersocialberlin.com\/index.php?rest_route=\/wp\/v2\/users\/1"}],"replies":[{"embeddable":true,"href":"https:\/\/leathersocialberlin.com\/index.php?rest_route=%2Fwp%2Fv2%2Fcomments&post=112"}],"version-history":[{"count":45,"href":"https:\/\/leathersocialberlin.com\/index.php?rest_route=\/wp\/v2\/pages\/112\/revisions"}],"predecessor-version":[{"id":473,"href":"https:\/\/leathersocialberlin.com\/index.php?rest_route=\/wp\/v2\/pages\/112\/revisions\/473"}],"wp:attachment":[{"href":"https:\/\/leathersocialberlin.com\/index.php?rest_route=%2Fwp%2Fv2%2Fmedia&parent=112"}],"curies":[{"name":"wp","href":"https:\/\/api.w.org\/{rel}","templated":true}]}}